{"id":2036,"date":"2021-08-20T15:38:28","date_gmt":"2021-08-20T13:38:28","guid":{"rendered":"http:\/\/lpv-coaching.lephatvinh.fr\/?page_id=2036"},"modified":"2021-08-20T23:50:50","modified_gmt":"2021-08-20T21:50:50","slug":"ethique-et-deontologie","status":"publish","type":"page","link":"https:\/\/lpv-coaching.lephatvinh.fr\/index.php\/ethique-et-deontologie\/","title":{"rendered":"Ethique et D\u00e9ontologie"},"content":{"rendered":"\t\t<div data-elementor-type=\"wp-page\" data-elementor-id=\"2036\" class=\"elementor elementor-2036\">\n\t\t\t\t\t\t<section class=\"elementor-section elementor-top-section elementor-element elementor-element-21355fd elementor-section-boxed elementor-section-height-default elementor-section-height-default\" data-id=\"21355fd\" data-element_type=\"section\">\n\t\t\t\t\t\t<div class=\"elementor-container elementor-column-gap-default\">\n\t\t\t\t\t<div class=\"elementor-column elementor-col-100 elementor-top-column elementor-element elementor-element-317e250\" data-id=\"317e250\" data-element_type=\"column\">\n\t\t\t<div class=\"elementor-widget-wrap elementor-element-populated\">\n\t\t\t\t\t\t<div class=\"elementor-element elementor-element-b508df4 elementor-widget elementor-widget-heading\" data-id=\"b508df4\" data-element_type=\"widget\" data-widget_type=\"heading.default\">\n\t\t\t\t<div class=\"elementor-widget-container\">\n\t\t\t\t\t<h2 class=\"elementor-heading-title elementor-size-default\">Ethique et D\u00e9ontologie<\/h2>\t\t\t\t<\/div>\n\t\t\t\t<\/div>\n\t\t\t\t\t<\/div>\n\t\t<\/div>\n\t\t\t\t\t<\/div>\n\t\t<\/section>\n\t\t\t\t<section class=\"elementor-section elementor-top-section elementor-element elementor-element-dd40659 elementor-section-stretched elementor-section-boxed elementor-section-height-default elementor-section-height-default\" data-id=\"dd40659\" data-element_type=\"section\" data-settings=\"{&quot;stretch_section&quot;:&quot;section-stretched&quot;}\">\n\t\t\t\t\t\t<div class=\"elementor-container elementor-column-gap-default\">\n\t\t\t\t\t<div class=\"elementor-column elementor-col-50 elementor-top-column elementor-element elementor-element-5d7fea5\" data-id=\"5d7fea5\" data-element_type=\"column\">\n\t\t\t<div class=\"elementor-widget-wrap elementor-element-populated\">\n\t\t\t\t\t\t<div class=\"elementor-element elementor-element-e92c10d elementor-widget elementor-widget-image\" data-id=\"e92c10d\" data-element_type=\"widget\" data-widget_type=\"image.default\">\n\t\t\t\t<div class=\"elementor-widget-container\">\n\t\t\t\t\t\t\t\t\t\t\t\t\t\t\t<img fetchpriority=\"high\" decoding=\"async\" width=\"768\" height=\"559\" src=\"https:\/\/lpv-coaching.lephatvinh.fr\/wp-content\/uploads\/2021\/08\/hold-544519_1280-768x559.jpg\" class=\"attachment-medium_large size-medium_large wp-image-2038\" alt=\"\" srcset=\"https:\/\/lpv-coaching.lephatvinh.fr\/wp-content\/uploads\/2021\/08\/hold-544519_1280-768x559.jpg 768w, https:\/\/lpv-coaching.lephatvinh.fr\/wp-content\/uploads\/2021\/08\/hold-544519_1280-300x218.jpg 300w, https:\/\/lpv-coaching.lephatvinh.fr\/wp-content\/uploads\/2021\/08\/hold-544519_1280-1024x745.jpg 1024w, https:\/\/lpv-coaching.lephatvinh.fr\/wp-content\/uploads\/2021\/08\/hold-544519_1280.jpg 1280w\" sizes=\"(max-width: 768px) 100vw, 768px\" \/>\t\t\t\t\t\t\t\t\t\t\t\t\t\t\t<\/div>\n\t\t\t\t<\/div>\n\t\t\t\t\t<\/div>\n\t\t<\/div>\n\t\t\t\t<div class=\"elementor-column elementor-col-50 elementor-top-column elementor-element elementor-element-0f3827c\" data-id=\"0f3827c\" data-element_type=\"column\">\n\t\t\t<div class=\"elementor-widget-wrap elementor-element-populated\">\n\t\t\t\t\t\t<div class=\"elementor-element elementor-element-9097f77 elementor-widget elementor-widget-text-editor\" data-id=\"9097f77\" data-element_type=\"widget\" data-widget_type=\"text-editor.default\">\n\t\t\t\t<div class=\"elementor-widget-container\">\n\t\t\t\t\t\t\t\t\t<p>Le m\u00e9tier de coach suppose une \u00e9thique et une d\u00e9ontologie.<\/p><p>Ma formation \u00e0 l&rsquo;<a href=\"https:\/\/ici.coach\/\">Institut de Coaching International de Gen\u00e8ve<\/a> m&rsquo;a rapproch\u00e9 de la <a href=\"https:\/\/www.coachfederation.fr\/comites\/comite-deontologique\/code-deontologique-icf\/\">charte d\u00e9ontologique de l&rsquo;ICF<\/a> (International Coaching Federation).<\/p><p>Au del\u00e0 de la d\u00e9ontologie de la profession qui, pour un coach devrait \u00eatre naturelle, je pr\u00e9cise les valeurs que je porte et qui constituent mon \u00e9thique.<\/p>\t\t\t\t\t\t\t\t<\/div>\n\t\t\t\t<\/div>\n\t\t\t\t\t<\/div>\n\t\t<\/div>\n\t\t\t\t\t<\/div>\n\t\t<\/section>\n\t\t\t\t<section class=\"elementor-section elementor-top-section elementor-element elementor-element-87c8c98 elementor-section-boxed elementor-section-height-default elementor-section-height-default\" data-id=\"87c8c98\" data-element_type=\"section\">\n\t\t\t\t\t\t<div class=\"elementor-container elementor-column-gap-default\">\n\t\t\t\t\t<div class=\"elementor-column elementor-col-50 elementor-top-column elementor-element elementor-element-8e844d2\" data-id=\"8e844d2\" data-element_type=\"column\">\n\t\t\t<div class=\"elementor-widget-wrap elementor-element-populated\">\n\t\t\t\t\t\t<div class=\"elementor-element elementor-element-225b9b7 elementor-widget elementor-widget-heading\" data-id=\"225b9b7\" data-element_type=\"widget\" data-widget_type=\"heading.default\">\n\t\t\t\t<div class=\"elementor-widget-container\">\n\t\t\t\t\t<h2 class=\"elementor-heading-title elementor-size-default\">Mes valeurs<\/h2>\t\t\t\t<\/div>\n\t\t\t\t<\/div>\n\t\t\t\t<div class=\"elementor-element elementor-element-d3e4b0c elementor-widget elementor-widget-text-editor\" data-id=\"d3e4b0c\" data-element_type=\"widget\" data-widget_type=\"text-editor.default\">\n\t\t\t\t<div class=\"elementor-widget-container\">\n\t\t\t\t\t\t\t\t\t<ul><li><strong>Honn\u00eatet\u00e9<\/strong> : Le coach ne pr\u00e9tend pas apporter des solutions miracles ou universelles. Le coach se positionne en partenaire, attentif aux attentes et besoins du coach\u00e9, et en aucun cas en position de sup\u00e9riorit\u00e9 (Principe de posture basse).<\/li><li><strong>Confidentialit\u00e9\u00a0<\/strong>: Les \u00e9changes entre coach et coach\u00e9 sont strictement confidentiels. Il en est de m\u00eame dans le cas de coaching d&rsquo;\u00e9quipes, de familles, de couples&#8230; la confidentialit\u00e9 peut \u00eatre individuelle ou collective selon les souhaits de chacun.<\/li><li><strong>Ouverture<\/strong> : Les \u00e9changes entre coach et coach\u00e9s se font dans un esprit d&rsquo;ouverture, chacun ayant ses propres valeurs.<\/li><li><strong>Non jugement<\/strong> : L&rsquo;absence de jugement est un pilier du coaching. Aucun jugement n&rsquo;est port\u00e9 sur l&rsquo;histoire de chacun, sa culture, ses choix, ses actions.<\/li><li><strong>Respect<\/strong> : Le respect mutuel est une valeur naturelle dans le partenariat entre coach et coach\u00e9s, sans aucune discrimination.<\/li><li><strong>Autonomie<\/strong> : Le coach doit se rendre le plus vite possible \u00ab\u00a0inutile\u00a0\u00bb. En aucun cas le coach cherche \u00e0 rendre ses coach\u00e9s d\u00e9pendants de son accompagnement. De plus, le coach ne cherche pas \u00e0 influencer, chacun \u00e9tant \u00e0 m\u00eame de d\u00e9terminer ses solutions, de d\u00e9finir ses actions, de prendre ses d\u00e9cisions.<\/li><li><strong>Partage <\/strong>: Le coach travaille dans un esprit de partage avec ses confr\u00e8res et cons\u0153urs. Ceci est garant de la prise de recul n\u00e9cessaire au m\u00e9tier.<\/li><li><strong>Int\u00e9grit\u00e9<\/strong> : Les intentions dans les s\u00e9ances de coaching sont toujours fid\u00e8les \u00e0 mes valeurs.<\/li><\/ul>\t\t\t\t\t\t\t\t<\/div>\n\t\t\t\t<\/div>\n\t\t\t\t\t<\/div>\n\t\t<\/div>\n\t\t\t\t<div class=\"elementor-column elementor-col-50 elementor-top-column elementor-element elementor-element-9b9f392\" data-id=\"9b9f392\" data-element_type=\"column\">\n\t\t\t<div class=\"elementor-widget-wrap elementor-element-populated\">\n\t\t\t\t\t\t<div class=\"elementor-element elementor-element-1582620 elementor-widget elementor-widget-image\" data-id=\"1582620\" data-element_type=\"widget\" data-widget_type=\"image.default\">\n\t\t\t\t<div class=\"elementor-widget-container\">\n\t\t\t\t\t\t\t\t\t\t\t\t\t\t\t<img decoding=\"async\" width=\"812\" height=\"541\" src=\"https:\/\/lpv-coaching.lephatvinh.fr\/wp-content\/uploads\/2021\/08\/yin-yang-4527023_1280-1024x682.jpg\" class=\"attachment-large size-large wp-image-2051\" alt=\"\" srcset=\"https:\/\/lpv-coaching.lephatvinh.fr\/wp-content\/uploads\/2021\/08\/yin-yang-4527023_1280-1024x682.jpg 1024w, https:\/\/lpv-coaching.lephatvinh.fr\/wp-content\/uploads\/2021\/08\/yin-yang-4527023_1280-300x200.jpg 300w, https:\/\/lpv-coaching.lephatvinh.fr\/wp-content\/uploads\/2021\/08\/yin-yang-4527023_1280-768x512.jpg 768w, https:\/\/lpv-coaching.lephatvinh.fr\/wp-content\/uploads\/2021\/08\/yin-yang-4527023_1280.jpg 1280w\" sizes=\"(max-width: 812px) 100vw, 812px\" \/>\t\t\t\t\t\t\t\t\t\t\t\t\t\t\t<\/div>\n\t\t\t\t<\/div>\n\t\t\t\t\t<\/div>\n\t\t<\/div>\n\t\t\t\t\t<\/div>\n\t\t<\/section>\n\t\t\t\t<section class=\"elementor-section elementor-top-section elementor-element elementor-element-4c1c703 elementor-section-boxed elementor-section-height-default elementor-section-height-default\" data-id=\"4c1c703\" data-element_type=\"section\">\n\t\t\t\t\t\t<div class=\"elementor-container elementor-column-gap-default\">\n\t\t\t\t\t<div class=\"elementor-column elementor-col-100 elementor-top-column elementor-element elementor-element-4cf2178\" data-id=\"4cf2178\" data-element_type=\"column\">\n\t\t\t<div class=\"elementor-widget-wrap\">\n\t\t\t\t\t\t\t<\/div>\n\t\t<\/div>\n\t\t\t\t\t<\/div>\n\t\t<\/section>\n\t\t\t\t<\/div>\n\t\t","protected":false},"excerpt":{"rendered":"<p>Ethique et D\u00e9ontologie Le m\u00e9tier de coach suppose une \u00e9thique et une d\u00e9ontologie. Ma formation \u00e0 l&rsquo;Institut de Coaching International de Gen\u00e8ve m&rsquo;a rapproch\u00e9 de la charte d\u00e9ontologique de l&rsquo;ICF (International Coaching Federation). Au del\u00e0 de la d\u00e9ontologie de la profession qui, pour un coach devrait \u00eatre naturelle, je pr\u00e9cise les valeurs que je porte [&hellip;]<\/p>\n","protected":false},"author":1,"featured_media":0,"parent":0,"menu_order":0,"comment_status":"closed","ping_status":"closed","template":"elementor_header_footer","meta":{"zakra_sidebar_layout":"customizer","zakra_remove_content_margin":false,"zakra_sidebar":"customizer","zakra_transparent_header":"customizer","zakra_logo":0,"zakra_main_header_style":"default","zakra_menu_item_color":"","zakra_menu_item_hover_color":"","zakra_menu_item_active_color":"","zakra_menu_active_style":"","zakra_page_header":true,"footnotes":""},"class_list":["post-2036","page","type-page","status-publish","hentry"],"yoast_head":"<!-- This site is optimized with the Yoast SEO plugin v25.0 - https:\/\/yoast.com\/wordpress\/plugins\/seo\/ -->\n<title>Ethique et D\u00e9ontologie -<\/title>\n<meta name=\"robots\" content=\"index, follow, max-snippet:-1, max-image-preview:large, max-video-preview:-1\" \/>\n<link rel=\"canonical\" href=\"https:\/\/lpv-coaching.lephatvinh.fr\/index.php\/ethique-et-deontologie\/\" \/>\n<meta property=\"og:locale\" content=\"fr_FR\" \/>\n<meta property=\"og:type\" content=\"article\" \/>\n<meta property=\"og:title\" content=\"Ethique et D\u00e9ontologie -\" \/>\n<meta property=\"og:description\" content=\"Ethique et D\u00e9ontologie Le m\u00e9tier de coach suppose une \u00e9thique et une d\u00e9ontologie. Ma formation \u00e0 l&rsquo;Institut de Coaching International de Gen\u00e8ve m&rsquo;a rapproch\u00e9 de la charte d\u00e9ontologique de l&rsquo;ICF (International Coaching Federation). Au del\u00e0 de la d\u00e9ontologie de la profession qui, pour un coach devrait \u00eatre naturelle, je pr\u00e9cise les valeurs que je porte [&hellip;]\" \/>\n<meta property=\"og:url\" content=\"https:\/\/lpv-coaching.lephatvinh.fr\/index.php\/ethique-et-deontologie\/\" \/>\n<meta property=\"article:publisher\" content=\"https:\/\/www.facebook.com\/LPV.Coaching\" \/>\n<meta property=\"article:modified_time\" content=\"2021-08-20T21:50:50+00:00\" \/>\n<meta property=\"og:image\" content=\"http:\/\/lpv-coaching.lephatvinh.fr\/wp-content\/uploads\/2021\/08\/hold-544519_1280-768x559.jpg\" \/>\n<meta name=\"twitter:card\" content=\"summary_large_image\" \/>\n<meta name=\"twitter:label1\" content=\"Dur\u00e9e de lecture estim\u00e9e\" \/>\n\t<meta name=\"twitter:data1\" content=\"2 minutes\" \/>\n<script type=\"application\/ld+json\" class=\"yoast-schema-graph\">{\"@context\":\"https:\/\/schema.org\",\"@graph\":[{\"@type\":\"WebPage\",\"@id\":\"https:\/\/lpv-coaching.lephatvinh.fr\/index.php\/ethique-et-deontologie\/\",\"url\":\"https:\/\/lpv-coaching.lephatvinh.fr\/index.php\/ethique-et-deontologie\/\",\"name\":\"Ethique et D\u00e9ontologie -\",\"isPartOf\":{\"@id\":\"https:\/\/lpv-coaching.lephatvinh.fr\/#website\"},\"primaryImageOfPage\":{\"@id\":\"https:\/\/lpv-coaching.lephatvinh.fr\/index.php\/ethique-et-deontologie\/#primaryimage\"},\"image\":{\"@id\":\"https:\/\/lpv-coaching.lephatvinh.fr\/index.php\/ethique-et-deontologie\/#primaryimage\"},\"thumbnailUrl\":\"http:\/\/lpv-coaching.lephatvinh.fr\/wp-content\/uploads\/2021\/08\/hold-544519_1280-768x559.jpg\",\"datePublished\":\"2021-08-20T13:38:28+00:00\",\"dateModified\":\"2021-08-20T21:50:50+00:00\",\"breadcrumb\":{\"@id\":\"https:\/\/lpv-coaching.lephatvinh.fr\/index.php\/ethique-et-deontologie\/#breadcrumb\"},\"inLanguage\":\"fr-FR\",\"potentialAction\":[{\"@type\":\"ReadAction\",\"target\":[\"https:\/\/lpv-coaching.lephatvinh.fr\/index.php\/ethique-et-deontologie\/\"]}]},{\"@type\":\"ImageObject\",\"inLanguage\":\"fr-FR\",\"@id\":\"https:\/\/lpv-coaching.lephatvinh.fr\/index.php\/ethique-et-deontologie\/#primaryimage\",\"url\":\"https:\/\/lpv-coaching.lephatvinh.fr\/wp-content\/uploads\/2021\/08\/hold-544519_1280.jpg\",\"contentUrl\":\"https:\/\/lpv-coaching.lephatvinh.fr\/wp-content\/uploads\/2021\/08\/hold-544519_1280.jpg\",\"width\":1280,\"height\":931},{\"@type\":\"BreadcrumbList\",\"@id\":\"https:\/\/lpv-coaching.lephatvinh.fr\/index.php\/ethique-et-deontologie\/#breadcrumb\",\"itemListElement\":[{\"@type\":\"ListItem\",\"position\":1,\"name\":\"Accueil\",\"item\":\"https:\/\/lpv-coaching.lephatvinh.fr\/\"},{\"@type\":\"ListItem\",\"position\":2,\"name\":\"Ethique et D\u00e9ontologie\"}]},{\"@type\":\"WebSite\",\"@id\":\"https:\/\/lpv-coaching.lephatvinh.fr\/#website\",\"url\":\"https:\/\/lpv-coaching.lephatvinh.fr\/\",\"name\":\"\",\"description\":\"\",\"publisher\":{\"@id\":\"https:\/\/lpv-coaching.lephatvinh.fr\/#organization\"},\"potentialAction\":[{\"@type\":\"SearchAction\",\"target\":{\"@type\":\"EntryPoint\",\"urlTemplate\":\"https:\/\/lpv-coaching.lephatvinh.fr\/?s={search_term_string}\"},\"query-input\":{\"@type\":\"PropertyValueSpecification\",\"valueRequired\":true,\"valueName\":\"search_term_string\"}}],\"inLanguage\":\"fr-FR\"},{\"@type\":\"Organization\",\"@id\":\"https:\/\/lpv-coaching.lephatvinh.fr\/#organization\",\"name\":\"LPV Coaching\",\"url\":\"https:\/\/lpv-coaching.lephatvinh.fr\/\",\"logo\":{\"@type\":\"ImageObject\",\"inLanguage\":\"fr-FR\",\"@id\":\"https:\/\/lpv-coaching.lephatvinh.fr\/#\/schema\/logo\/image\/\",\"url\":\"https:\/\/lpv-coaching.lephatvinh.fr\/wp-content\/uploads\/2021\/08\/logo_lpvcoaching_hd.png\",\"contentUrl\":\"https:\/\/lpv-coaching.lephatvinh.fr\/wp-content\/uploads\/2021\/08\/logo_lpvcoaching_hd.png\",\"width\":1182,\"height\":562,\"caption\":\"LPV Coaching\"},\"image\":{\"@id\":\"https:\/\/lpv-coaching.lephatvinh.fr\/#\/schema\/logo\/image\/\"},\"sameAs\":[\"https:\/\/www.facebook.com\/LPV.Coaching\",\"https:\/\/www.instagram.com\/serge_louis_lephatvinh\/\",\"https:\/\/www.linkedin.com\/company\/lephatvinh-coaching\"]}]}<\/script>\n<!-- \/ Yoast SEO plugin. -->","yoast_head_json":{"title":"Ethique et D\u00e9ontologie -","robots":{"index":"index","follow":"follow","max-snippet":"max-snippet:-1","max-image-preview":"max-image-preview:large","max-video-preview":"max-video-preview:-1"},"canonical":"https:\/\/lpv-coaching.lephatvinh.fr\/index.php\/ethique-et-deontologie\/","og_locale":"fr_FR","og_type":"article","og_title":"Ethique et D\u00e9ontologie -","og_description":"Ethique et D\u00e9ontologie Le m\u00e9tier de coach suppose une \u00e9thique et une d\u00e9ontologie. Ma formation \u00e0 l&rsquo;Institut de Coaching International de Gen\u00e8ve m&rsquo;a rapproch\u00e9 de la charte d\u00e9ontologique de l&rsquo;ICF (International Coaching Federation). Au del\u00e0 de la d\u00e9ontologie de la profession qui, pour un coach devrait \u00eatre naturelle, je pr\u00e9cise les valeurs que je porte [&hellip;]","og_url":"https:\/\/lpv-coaching.lephatvinh.fr\/index.php\/ethique-et-deontologie\/","article_publisher":"https:\/\/www.facebook.com\/LPV.Coaching","article_modified_time":"2021-08-20T21:50:50+00:00","og_image":[{"url":"http:\/\/lpv-coaching.lephatvinh.fr\/wp-content\/uploads\/2021\/08\/hold-544519_1280-768x559.jpg","type":"","width":"","height":""}],"twitter_card":"summary_large_image","twitter_misc":{"Dur\u00e9e de lecture estim\u00e9e":"2 minutes"},"schema":{"@context":"https:\/\/schema.org","@graph":[{"@type":"WebPage","@id":"https:\/\/lpv-coaching.lephatvinh.fr\/index.php\/ethique-et-deontologie\/","url":"https:\/\/lpv-coaching.lephatvinh.fr\/index.php\/ethique-et-deontologie\/","name":"Ethique et D\u00e9ontologie -","isPartOf":{"@id":"https:\/\/lpv-coaching.lephatvinh.fr\/#website"},"primaryImageOfPage":{"@id":"https:\/\/lpv-coaching.lephatvinh.fr\/index.php\/ethique-et-deontologie\/#primaryimage"},"image":{"@id":"https:\/\/lpv-coaching.lephatvinh.fr\/index.php\/ethique-et-deontologie\/#primaryimage"},"thumbnailUrl":"http:\/\/lpv-coaching.lephatvinh.fr\/wp-content\/uploads\/2021\/08\/hold-544519_1280-768x559.jpg","datePublished":"2021-08-20T13:38:28+00:00","dateModified":"2021-08-20T21:50:50+00:00","breadcrumb":{"@id":"https:\/\/lpv-coaching.lephatvinh.fr\/index.php\/ethique-et-deontologie\/#breadcrumb"},"inLanguage":"fr-FR","potentialAction":[{"@type":"ReadAction","target":["https:\/\/lpv-coaching.lephatvinh.fr\/index.php\/ethique-et-deontologie\/"]}]},{"@type":"ImageObject","inLanguage":"fr-FR","@id":"https:\/\/lpv-coaching.lephatvinh.fr\/index.php\/ethique-et-deontologie\/#primaryimage","url":"https:\/\/lpv-coaching.lephatvinh.fr\/wp-content\/uploads\/2021\/08\/hold-544519_1280.jpg","contentUrl":"https:\/\/lpv-coaching.lephatvinh.fr\/wp-content\/uploads\/2021\/08\/hold-544519_1280.jpg","width":1280,"height":931},{"@type":"BreadcrumbList","@id":"https:\/\/lpv-coaching.lephatvinh.fr\/index.php\/ethique-et-deontologie\/#breadcrumb","itemListElement":[{"@type":"ListItem","position":1,"name":"Accueil","item":"https:\/\/lpv-coaching.lephatvinh.fr\/"},{"@type":"ListItem","position":2,"name":"Ethique et D\u00e9ontologie"}]},{"@type":"WebSite","@id":"https:\/\/lpv-coaching.lephatvinh.fr\/#website","url":"https:\/\/lpv-coaching.lephatvinh.fr\/","name":"","description":"","publisher":{"@id":"https:\/\/lpv-coaching.lephatvinh.fr\/#organization"},"potentialAction":[{"@type":"SearchAction","target":{"@type":"EntryPoint","urlTemplate":"https:\/\/lpv-coaching.lephatvinh.fr\/?s={search_term_string}"},"query-input":{"@type":"PropertyValueSpecification","valueRequired":true,"valueName":"search_term_string"}}],"inLanguage":"fr-FR"},{"@type":"Organization","@id":"https:\/\/lpv-coaching.lephatvinh.fr\/#organization","name":"LPV Coaching","url":"https:\/\/lpv-coaching.lephatvinh.fr\/","logo":{"@type":"ImageObject","inLanguage":"fr-FR","@id":"https:\/\/lpv-coaching.lephatvinh.fr\/#\/schema\/logo\/image\/","url":"https:\/\/lpv-coaching.lephatvinh.fr\/wp-content\/uploads\/2021\/08\/logo_lpvcoaching_hd.png","contentUrl":"https:\/\/lpv-coaching.lephatvinh.fr\/wp-content\/uploads\/2021\/08\/logo_lpvcoaching_hd.png","width":1182,"height":562,"caption":"LPV Coaching"},"image":{"@id":"https:\/\/lpv-coaching.lephatvinh.fr\/#\/schema\/logo\/image\/"},"sameAs":["https:\/\/www.facebook.com\/LPV.Coaching","https:\/\/www.instagram.com\/serge_louis_lephatvinh\/","https:\/\/www.linkedin.com\/company\/lephatvinh-coaching"]}]}},"_links":{"self":[{"href":"https:\/\/lpv-coaching.lephatvinh.fr\/index.php\/wp-json\/wp\/v2\/pages\/2036","targetHints":{"allow":["GET"]}}],"collection":[{"href":"https:\/\/lpv-coaching.lephatvinh.fr\/index.php\/wp-json\/wp\/v2\/pages"}],"about":[{"href":"https:\/\/lpv-coaching.lephatvinh.fr\/index.php\/wp-json\/wp\/v2\/types\/page"}],"author":[{"embeddable":true,"href":"https:\/\/lpv-coaching.lephatvinh.fr\/index.php\/wp-json\/wp\/v2\/users\/1"}],"replies":[{"embeddable":true,"href":"https:\/\/lpv-coaching.lephatvinh.fr\/index.php\/wp-json\/wp\/v2\/comments?post=2036"}],"version-history":[{"count":64,"href":"https:\/\/lpv-coaching.lephatvinh.fr\/index.php\/wp-json\/wp\/v2\/pages\/2036\/revisions"}],"predecessor-version":[{"id":2115,"href":"https:\/\/lpv-coaching.lephatvinh.fr\/index.php\/wp-json\/wp\/v2\/pages\/2036\/revisions\/2115"}],"wp:attachment":[{"href":"https:\/\/lpv-coaching.lephatvinh.fr\/index.php\/wp-json\/wp\/v2\/media?parent=2036"}],"curies":[{"name":"wp","href":"https:\/\/api.w.org\/{rel}","templated":true}]}}